{"id":95,"date":"2022-09-15T17:05:32","date_gmt":"2022-09-15T17:05:32","guid":{"rendered":"https:\/\/linkemuehle.de\/?page_id=95"},"modified":"2023-08-25T18:52:35","modified_gmt":"2023-08-25T18:52:35","slug":"mehrtagesangebote","status":"publish","type":"page","link":"https:\/\/linkemuehle.de\/index.php\/mehrtagesangebote\/","title":{"rendered":"Mehrtagesangebote"},"content":{"rendered":"\n<h2 class=\"wp-block-heading\">Sie m\u00f6chten g\u00fcnstig Urlaub an der Mosel machen in einem urigen Quartier? Dann haben wir Angebote f\u00fcr Sie:<\/h2>\n\n\n\n<p><strong>5 \u00dcbernachtungen<\/strong> im DZ mit Bad und Single-K\u00fcche: <strong>315 Euro<\/strong><\/p>\n\n\n\n<p><strong>7 \u00dcbernachtungen<\/strong> im DZ mit Bad und Single-K\u00fcche:<strong> 425 Euro<\/strong><\/p>\n\n\n\n<p>Alle Preise verstehen sich<strong> inklusive 25 Euro Endreinigungsgeb\u00fchr<\/strong>.<\/p>\n\n\n\n<p>F\u00fcr Haustiere (Hunde) fallen <strong>8 Euro<\/strong> extra pro Tag an.<\/p>\n\n\n\n<p>Nur telefonisch (02607 \/ 6505) oder per Mail (<a href=\"mailto:info@linkemuehle.de\" target=\"_blank\" rel=\"noreferrer noopener\">info@linkemuehle.de<\/a>) buchbar!<\/p>\n\n\n\n<p>Geeignet f\u00fcr Wanderer und alle am Boden Gebliebenen. Luxushotels gibt&#8217;s woanders, daf\u00fcr hier aber jede Menge Herz. \ud83d\ude09<\/p>\n","protected":false},"excerpt":{"rendered":"<p>Sie m\u00f6chten g\u00fcnstig Urlaub an der Mosel machen in einem urigen Quartier? Dann haben wir Angebote f\u00fcr Sie: 5 \u00dcbernachtungen im DZ mit Bad und Single-K\u00fcche: 315 Euro 7 \u00dcbernachtungen im DZ mit Bad und Single-K\u00fcche: 425 Euro Alle Preise verstehen sich inklusive 25 Euro Endreinigungsgeb\u00fchr. F\u00fcr Haustiere (Hunde) fallen [&hellip;]<\/p>\n","protected":false},"author":1,"featured_media":0,"parent":0,"menu_order":0,"comment_status":"closed","ping_status":"closed","template":"","meta":{"footnotes":""},"class_list":["post-95","page","type-page","status-publish","hentry"],"_links":{"self":[{"href":"https:\/\/linkemuehle.de\/index.php\/wp-json\/wp\/v2\/pages\/95","targetHints":{"allow":["GET"]}}],"collection":[{"href":"https:\/\/linkemuehle.de\/index.php\/wp-json\/wp\/v2\/pages"}],"about":[{"href":"https:\/\/linkemuehle.de\/index.php\/wp-json\/wp\/v2\/types\/page"}],"author":[{"embeddable":true,"href":"https:\/\/linkemuehle.de\/index.php\/wp-json\/wp\/v2\/users\/1"}],"replies":[{"embeddable":true,"href":"https:\/\/linkemuehle.de\/index.php\/wp-json\/wp\/v2\/comments?post=95"}],"version-history":[{"count":4,"href":"https:\/\/linkemuehle.de\/index.php\/wp-json\/wp\/v2\/pages\/95\/revisions"}],"predecessor-version":[{"id":164,"href":"https:\/\/linkemuehle.de\/index.php\/wp-json\/wp\/v2\/pages\/95\/revisions\/164"}],"wp:attachment":[{"href":"https:\/\/linkemuehle.de\/index.php\/wp-json\/wp\/v2\/media?parent=95"}],"curies":[{"name":"wp","href":"https:\/\/api.w.org\/{rel}","templated":true}]}}